{"id":7,"date":"2015-06-18T15:38:05","date_gmt":"2015-06-18T15:38:05","guid":{"rendered":"http:\/\/demo.cascinarosa33.artband.net\/?page_id=7"},"modified":"2018-05-19T15:36:15","modified_gmt":"2018-05-19T15:36:15","slug":"home","status":"publish","type":"page","link":"https:\/\/www.cascinarosa33.it\/fr\/","title":{"rendered":"HOME"},"content":{"rendered":"<p><\/p>\n<h1 style=\"text-align: left;\" data-fontsize=\"32\" data-lineheight=\"48\">Cascina\u00a0rosa\u00a0b&amp;b: bed and breakfast \u00e0\u00a0Monferrato<\/h1>\n<p><img loading=\"lazy\" decoding=\"async\" class=\"wp-image-114 alignright\" src=\"http:\/\/www.cascinarosa33.it\/wp-content\/uploads\/2015\/06\/MG_5992-550x367.jpg\" alt=\"Black swimming pool - Cascina rosa b&amp;b, bed and breakfast in Monferrato\" width=\"400\" height=\"267\" srcset=\"https:\/\/www.cascinarosa33.it\/wp-content\/uploads\/2015\/06\/MG_5992-550x367.jpg 550w, https:\/\/www.cascinarosa33.it\/wp-content\/uploads\/2015\/06\/MG_5992-300x200.jpg 300w, https:\/\/www.cascinarosa33.it\/wp-content\/uploads\/2015\/06\/MG_5992-1024x683.jpg 1024w, https:\/\/www.cascinarosa33.it\/wp-content\/uploads\/2015\/06\/MG_5992-250x167.jpg 250w, https:\/\/www.cascinarosa33.it\/wp-content\/uploads\/2015\/06\/MG_5992-800x533.jpg 800w, https:\/\/www.cascinarosa33.it\/wp-content\/uploads\/2015\/06\/MG_5992-270x180.jpg 270w, https:\/\/www.cascinarosa33.it\/wp-content\/uploads\/2015\/06\/MG_5992-450x300.jpg 450w, https:\/\/www.cascinarosa33.it\/wp-content\/uploads\/2015\/06\/MG_5992-750x500.jpg 750w, https:\/\/www.cascinarosa33.it\/wp-content\/uploads\/2015\/06\/MG_5992.jpg 1680w\" sizes=\"auto, (max-width: 400px) 100vw, 400px\" \/><\/p>\n<p style=\"text-align: left;\" data-fontsize=\"32\" data-lineheight=\"48\">C\u00b4est au sommet de la colline de la \u00ab<strong>Madonna dei Monti<\/strong>\u00bb (400 m. d\u00b4altitude), pr\u00e8s du village de <strong>Grazzano Badoglio<\/strong>, que l\u00b4on rencontre, au milieu de la verdure, l\u00b4ancienne ferme r\u00e9nov\u00e9e dite \u00ab<strong>Cascina Rosa<\/strong>\u00bb. Par sa position favorable, la \u00ab Maison rose \u00bb jouit d\u00b4un panorama unique sur le <strong>Monferrato<\/strong>, paysage de douces collines o\u00f9 alternent vignobles, bois et noiseraies. Et en toute saison , de flamboyants couchers de soleil sur le Mont-Viso, ne manqueront pas d\u00b4\u00e9tonner plus d\u00b4un visiteur.<\/p>\n<p style=\"text-align: left;\" data-fontsize=\"32\" data-lineheight=\"48\">Situ\u00e9e en pleine nature, la \u00ab Cascina Rosa \u00bb est un lieu id\u00e9al pour qui recherche calme et tranquilit\u00e9. Elle dispose d\u00b4un grand jardin gazonn\u00e9 et arbor\u00e9 \u2013 avec quelques hamacs \u00e0 disposition \u2013 id\u00e9al pour se d\u00e9tendre, ainsi que d\u00b4une <strong>piscine<\/strong> o\u00f9 l\u00b4on pourra se rafra\u00eechir durant les chaleurs estivales. Un <strong>barbecue<\/strong> est aussi disponible pour des grillades entre amis.<img loading=\"lazy\" decoding=\"async\" class=\"alignright wp-image-105\" src=\"http:\/\/www.cascinarosa33.it\/wp-content\/uploads\/2015\/06\/DSC_0892-550x366.jpg\" alt=\"Rose bianche suite room panoramic view - Cascina rosa b&amp;b, bed and breakfast in Monferrato\" width=\"400\" height=\"266\" srcset=\"https:\/\/www.cascinarosa33.it\/wp-content\/uploads\/2015\/06\/DSC_0892-550x366.jpg 550w, https:\/\/www.cascinarosa33.it\/wp-content\/uploads\/2015\/06\/DSC_0892-300x199.jpg 300w, https:\/\/www.cascinarosa33.it\/wp-content\/uploads\/2015\/06\/DSC_0892-1024x681.jpg 1024w, https:\/\/www.cascinarosa33.it\/wp-content\/uploads\/2015\/06\/DSC_0892-250x166.jpg 250w, https:\/\/www.cascinarosa33.it\/wp-content\/uploads\/2015\/06\/DSC_0892-800x532.jpg 800w, https:\/\/www.cascinarosa33.it\/wp-content\/uploads\/2015\/06\/DSC_0892-271x180.jpg 271w, https:\/\/www.cascinarosa33.it\/wp-content\/uploads\/2015\/06\/DSC_0892-451x300.jpg 451w, https:\/\/www.cascinarosa33.it\/wp-content\/uploads\/2015\/06\/DSC_0892-752x500.jpg 752w, https:\/\/www.cascinarosa33.it\/wp-content\/uploads\/2015\/06\/DSC_0892.jpg 1680w\" sizes=\"auto, (max-width: 400px) 100vw, 400px\" \/><\/p>\n<p style=\"text-align: left;\" data-fontsize=\"32\" data-lineheight=\"48\">La r\u00e9novation de la \u00ab Cascina Rosa \u00bb, qui s\u00b4est \u00e9tal\u00e9e sur plusieurs ann\u00e9es, a vis\u00e9 \u00e0 <strong>respecter l\u00b4architecture traditionnelle<\/strong> de cette longue et gracieuse ferme, tout en am\u00e9nageant quelques chambres d\u00b4 h\u00f4tes \u00e0 la fois simples, spacieuses et confortables.<\/p>\n<p>L\u00b4acc\u00e8s routier au g\u00eete est plut\u00f4t ais\u00e9, et, en outre , il se trouve moins de 1 heure de\u00a0<strong>Turin\u00a0<\/strong>et de<strong> Alba<\/strong>\u00a0et 1h15 de <strong>G\u00eanes<\/strong> et de <strong>Milan<\/strong>.<\/p>\n<p><strong>Sabina<\/strong>, qui aura le plaisir de vous accueillir \u00e0 la \u00ab Cascina Rosa \u00bb, pr\u00e9pare elle-m\u00eame les savoureux petits-d\u00e9jeuners avec miels, fromages et charcuteries de la r\u00e9gion mais aussi g\u00e2teaux et confitures maison! Votre hotesse saura aussi vous conseiller pr\u00e9cisement pour des itin\u00e9raires et des visites \u00e0 la d\u00e9couverte des richesses <strong>culturelles<\/strong>, <strong>historiques<\/strong> et <strong>gastronomiques<\/strong> du <strong>Monferrato<\/strong>.<\/p>\n<p>Possibilit\u00e9 d\u00b4organiser des f\u00eates dans le jardin Possiblit\u00e9 d\u00b4organiser et de r\u00e9server des d\u00e9jeuners et de d\u00eener dans les fermes-auberges \u00ab Agritourismo \u00bb et restaurants des alentours.<\/p>\n<h5 style=\"text-align: left;\"><\/h5>\n<p>(Articles below are in English and Italian only.)<\/p> ","protected":false},"excerpt":{"rendered":"<p>Cascina\u00a0rosa\u00a0b&amp;b: bed and breakfast \u00e0\u00a0Monferrato C\u00b4est au sommet de la colline de la \u00abMadonna dei Monti\u00bb (400 m. d\u00b4altitude), pr\u00e8s du village de Grazzano Badoglio, que l\u00b4on rencontre, au milieu de la verdure, l\u00b4ancienne ferme r\u00e9nov\u00e9e dite \u00abCascina Rosa\u00bb. Par sa position favorable, la \u00ab Maison rose \u00bb jouit d\u00b4un panorama unique sur le Monferrato, [&hellip;]<\/p>\n","protected":false},"author":1,"featured_media":0,"parent":0,"menu_order":0,"comment_status":"open","ping_status":"open","template":"","meta":{"_genesis_hide_title":false,"_genesis_hide_breadcrumbs":false,"_genesis_hide_singular_image":false,"_genesis_hide_footer_widgets":false,"_genesis_custom_body_class":"","_genesis_custom_post_class":"","_genesis_layout":"full-width-content","footnotes":""},"class_list":{"0":"post-7","1":"page","2":"type-page","3":"status-publish","5":"entry","6":"has-post-thumbnail","7":"gs-1","8":"gs-odd","9":"gs-even","10":"gs-featured-content-entry"},"yoast_head":"<!-- This site is optimized with the Yoast SEO plugin v24.6 - https:\/\/yoast.com\/wordpress\/plugins\/seo\/ -->\n<title>Cascina rosa b&amp;b \u2022 Bed and breakfast in Monferrato \u2022 Asti<\/title>\n<meta name=\"description\" content=\"Cascina rosa b&amp;b \u00e8 un bed and breakfast in Monferrato, in provincia di Asti con piscina, barbecue e grande giardino per relax e tour del vino in Piemonte\" \/>\n<meta name=\"robots\" content=\"index, follow, max-snippet:-1, max-image-preview:large, max-video-preview:-1\" \/>\n<link rel=\"canonical\" href=\"https:\/\/www.cascinarosa33.it\/\" \/>\n<meta property=\"og:locale\" content=\"fr_FR\" \/>\n<meta property=\"og:type\" content=\"article\" \/>\n<meta property=\"og:title\" content=\"Cascina rosa b&amp;b \u2022 Bed and breakfast in Monferrato \u2022 Asti\" \/>\n<meta property=\"og:description\" content=\"Cascina rosa b&amp;b \u00e8 un bed and breakfast in Monferrato, in provincia di Asti con piscina, barbecue e grande giardino per relax e tour del vino in Piemonte\" \/>\n<meta property=\"og:url\" content=\"https:\/\/www.cascinarosa33.it\/\" \/>\n<meta property=\"og:site_name\" content=\"Cascina rosa b&amp;b\" \/>\n<meta property=\"article:modified_time\" content=\"2018-05-19T15:36:15+00:00\" \/>\n<meta property=\"og:image\" content=\"http:\/\/www.cascinarosa33.it\/wp-content\/uploads\/2015\/06\/MG_5992-550x367.jpg\" \/>\n<meta name=\"twitter:card\" content=\"summary_large_image\" \/>\n<meta name=\"twitter:label1\" content=\"Dur\u00e9e de lecture estim\u00e9e\" \/>\n\t<meta name=\"twitter:data1\" content=\"6 minutes\" \/>\n<script type=\"application\/ld+json\" class=\"yoast-schema-graph\">{\"@context\":\"https:\/\/schema.org\",\"@graph\":[{\"@type\":\"WebPage\",\"@id\":\"https:\/\/www.cascinarosa33.it\/\",\"url\":\"https:\/\/www.cascinarosa33.it\/\",\"name\":\"Cascina rosa b&b \u2022 Bed and breakfast in Monferrato \u2022 Asti\",\"isPartOf\":{\"@id\":\"https:\/\/www.cascinarosa33.it\/#website\"},\"primaryImageOfPage\":{\"@id\":\"https:\/\/www.cascinarosa33.it\/#primaryimage\"},\"image\":{\"@id\":\"https:\/\/www.cascinarosa33.it\/#primaryimage\"},\"thumbnailUrl\":\"http:\/\/www.cascinarosa33.it\/wp-content\/uploads\/2015\/06\/MG_5992-550x367.jpg\",\"datePublished\":\"2015-06-18T15:38:05+00:00\",\"dateModified\":\"2018-05-19T15:36:15+00:00\",\"description\":\"Cascina rosa b&b \u00e8 un bed and breakfast in Monferrato, in provincia di Asti con piscina, barbecue e grande giardino per relax e tour del vino in Piemonte\",\"breadcrumb\":{\"@id\":\"https:\/\/www.cascinarosa33.it\/#breadcrumb\"},\"inLanguage\":\"fr-FR\",\"potentialAction\":[{\"@type\":\"ReadAction\",\"target\":[\"https:\/\/www.cascinarosa33.it\/\"]}]},{\"@type\":\"ImageObject\",\"inLanguage\":\"fr-FR\",\"@id\":\"https:\/\/www.cascinarosa33.it\/#primaryimage\",\"url\":\"http:\/\/www.cascinarosa33.it\/wp-content\/uploads\/2015\/06\/MG_5992-550x367.jpg\",\"contentUrl\":\"http:\/\/www.cascinarosa33.it\/wp-content\/uploads\/2015\/06\/MG_5992-550x367.jpg\"},{\"@type\":\"BreadcrumbList\",\"@id\":\"https:\/\/www.cascinarosa33.it\/#breadcrumb\",\"itemListElement\":[{\"@type\":\"ListItem\",\"position\":1,\"name\":\"Home\",\"item\":\"https:\/\/www.cascinarosa33.it\/\"},{\"@type\":\"ListItem\",\"position\":2,\"name\":\"HOME\"}]},{\"@type\":\"WebSite\",\"@id\":\"https:\/\/www.cascinarosa33.it\/#website\",\"url\":\"https:\/\/www.cascinarosa33.it\/\",\"name\":\"Cascina rosa b&amp;b\",\"description\":\"\",\"potentialAction\":[{\"@type\":\"SearchAction\",\"target\":{\"@type\":\"EntryPoint\",\"urlTemplate\":\"https:\/\/www.cascinarosa33.it\/?s={search_term_string}\"},\"query-input\":{\"@type\":\"PropertyValueSpecification\",\"valueRequired\":true,\"valueName\":\"search_term_string\"}}],\"inLanguage\":\"fr-FR\"}]}<\/script>\n<!-- \/ Yoast SEO plugin. -->","yoast_head_json":{"title":"Cascina rosa b&b \u2022 Bed and breakfast in Monferrato \u2022 Asti","description":"Cascina rosa b&b \u00e8 un bed and breakfast in Monferrato, in provincia di Asti con piscina, barbecue e grande giardino per relax e tour del vino in Piemonte","robots":{"index":"index","follow":"follow","max-snippet":"max-snippet:-1","max-image-preview":"max-image-preview:large","max-video-preview":"max-video-preview:-1"},"canonical":"https:\/\/www.cascinarosa33.it\/","og_locale":"fr_FR","og_type":"article","og_title":"Cascina rosa b&b \u2022 Bed and breakfast in Monferrato \u2022 Asti","og_description":"Cascina rosa b&b \u00e8 un bed and breakfast in Monferrato, in provincia di Asti con piscina, barbecue e grande giardino per relax e tour del vino in Piemonte","og_url":"https:\/\/www.cascinarosa33.it\/","og_site_name":"Cascina rosa b&amp;b","article_modified_time":"2018-05-19T15:36:15+00:00","og_image":[{"url":"http:\/\/www.cascinarosa33.it\/wp-content\/uploads\/2015\/06\/MG_5992-550x367.jpg","type":"","width":"","height":""}],"twitter_card":"summary_large_image","twitter_misc":{"Dur\u00e9e de lecture estim\u00e9e":"6 minutes"},"schema":{"@context":"https:\/\/schema.org","@graph":[{"@type":"WebPage","@id":"https:\/\/www.cascinarosa33.it\/","url":"https:\/\/www.cascinarosa33.it\/","name":"Cascina rosa b&b \u2022 Bed and breakfast in Monferrato \u2022 Asti","isPartOf":{"@id":"https:\/\/www.cascinarosa33.it\/#website"},"primaryImageOfPage":{"@id":"https:\/\/www.cascinarosa33.it\/#primaryimage"},"image":{"@id":"https:\/\/www.cascinarosa33.it\/#primaryimage"},"thumbnailUrl":"http:\/\/www.cascinarosa33.it\/wp-content\/uploads\/2015\/06\/MG_5992-550x367.jpg","datePublished":"2015-06-18T15:38:05+00:00","dateModified":"2018-05-19T15:36:15+00:00","description":"Cascina rosa b&b \u00e8 un bed and breakfast in Monferrato, in provincia di Asti con piscina, barbecue e grande giardino per relax e tour del vino in Piemonte","breadcrumb":{"@id":"https:\/\/www.cascinarosa33.it\/#breadcrumb"},"inLanguage":"fr-FR","potentialAction":[{"@type":"ReadAction","target":["https:\/\/www.cascinarosa33.it\/"]}]},{"@type":"ImageObject","inLanguage":"fr-FR","@id":"https:\/\/www.cascinarosa33.it\/#primaryimage","url":"http:\/\/www.cascinarosa33.it\/wp-content\/uploads\/2015\/06\/MG_5992-550x367.jpg","contentUrl":"http:\/\/www.cascinarosa33.it\/wp-content\/uploads\/2015\/06\/MG_5992-550x367.jpg"},{"@type":"BreadcrumbList","@id":"https:\/\/www.cascinarosa33.it\/#breadcrumb","itemListElement":[{"@type":"ListItem","position":1,"name":"Home","item":"https:\/\/www.cascinarosa33.it\/"},{"@type":"ListItem","position":2,"name":"HOME"}]},{"@type":"WebSite","@id":"https:\/\/www.cascinarosa33.it\/#website","url":"https:\/\/www.cascinarosa33.it\/","name":"Cascina rosa b&amp;b","description":"","potentialAction":[{"@type":"SearchAction","target":{"@type":"EntryPoint","urlTemplate":"https:\/\/www.cascinarosa33.it\/?s={search_term_string}"},"query-input":{"@type":"PropertyValueSpecification","valueRequired":true,"valueName":"search_term_string"}}],"inLanguage":"fr-FR"}]}},"_links":{"self":[{"href":"https:\/\/www.cascinarosa33.it\/fr\/wp-json\/wp\/v2\/pages\/7","targetHints":{"allow":["GET"]}}],"collection":[{"href":"https:\/\/www.cascinarosa33.it\/fr\/wp-json\/wp\/v2\/pages"}],"about":[{"href":"https:\/\/www.cascinarosa33.it\/fr\/wp-json\/wp\/v2\/types\/page"}],"author":[{"embeddable":true,"href":"https:\/\/www.cascinarosa33.it\/fr\/wp-json\/wp\/v2\/users\/1"}],"replies":[{"embeddable":true,"href":"https:\/\/www.cascinarosa33.it\/fr\/wp-json\/wp\/v2\/comments?post=7"}],"version-history":[{"count":88,"href":"https:\/\/www.cascinarosa33.it\/fr\/wp-json\/wp\/v2\/pages\/7\/revisions"}],"predecessor-version":[{"id":1090,"href":"https:\/\/www.cascinarosa33.it\/fr\/wp-json\/wp\/v2\/pages\/7\/revisions\/1090"}],"wp:attachment":[{"href":"https:\/\/www.cascinarosa33.it\/fr\/wp-json\/wp\/v2\/media?parent=7"}],"curies":[{"name":"wp","href":"https:\/\/api.w.org\/{rel}","templated":true}]}}