{"id":7,"date":"2015-06-18T15:38:05","date_gmt":"2015-06-18T15:38:05","guid":{"rendered":"http:\/\/demo.cascinarosa33.artband.net\/?page_id=7"},"modified":"2018-05-19T15:36:15","modified_gmt":"2018-05-19T15:36:15","slug":"home","status":"publish","type":"page","link":"https:\/\/www.cascinarosa33.it\/de\/","title":{"rendered":"HOME"},"content":{"rendered":"<p><\/p>\n<h1 style=\"text-align: left;\" data-fontsize=\"32\" data-lineheight=\"48\">Cascina\u00a0rosa\u00a0b&amp;b: bed and breakfast in Monferrato<\/h1>\n<p><img loading=\"lazy\" decoding=\"async\" class=\"wp-image-114 alignright\" src=\"http:\/\/www.cascinarosa33.it\/wp-content\/uploads\/2015\/06\/MG_5992-550x367.jpg\" alt=\"Black swimming pool - Cascina rosa b&amp;b, bed and breakfast in Monferrato\" width=\"400\" height=\"267\" srcset=\"https:\/\/www.cascinarosa33.it\/wp-content\/uploads\/2015\/06\/MG_5992-550x367.jpg 550w, https:\/\/www.cascinarosa33.it\/wp-content\/uploads\/2015\/06\/MG_5992-300x200.jpg 300w, https:\/\/www.cascinarosa33.it\/wp-content\/uploads\/2015\/06\/MG_5992-1024x683.jpg 1024w, https:\/\/www.cascinarosa33.it\/wp-content\/uploads\/2015\/06\/MG_5992-250x167.jpg 250w, https:\/\/www.cascinarosa33.it\/wp-content\/uploads\/2015\/06\/MG_5992-800x533.jpg 800w, https:\/\/www.cascinarosa33.it\/wp-content\/uploads\/2015\/06\/MG_5992-270x180.jpg 270w, https:\/\/www.cascinarosa33.it\/wp-content\/uploads\/2015\/06\/MG_5992-450x300.jpg 450w, https:\/\/www.cascinarosa33.it\/wp-content\/uploads\/2015\/06\/MG_5992-750x500.jpg 750w, https:\/\/www.cascinarosa33.it\/wp-content\/uploads\/2015\/06\/MG_5992.jpg 1680w\" sizes=\"auto, (max-width: 400px) 100vw, 400px\" \/><\/p>\n<p style=\"text-align: left;\" data-fontsize=\"32\" data-lineheight=\"48\">In diesem alten, allein mitten im Gr\u00fcnen gelegenen, sorgf\u00e5ltiger Lage und mit herrlichem Ausblick stehen einige behagliche und ger\u00e4umige Zimmer zur Verf\u00fcgung, in einer gepflegten und famili\u00e5ren Umgebung. Ein idealer Ort f\u00fcr einen erholsamen Aufenthalt und geeigneter Ausgangpunkt f\u00fcr Ausfl\u00fcge auf den Spuren der Weine und der ber\u00fchmten Tr\u00fcffel.<\/p>\n<p style=\"text-align: left;\" data-fontsize=\"32\" data-lineheight=\"48\">Den Kunden stehen ein grossen Garten, <strong>Swimming-pool und barbecue<\/strong> zur Verf\u00fcgung. Das ehemalige Landgut Cascina rosa steht in sanfter H\u00fcgellandschaft, in totaler Harmonie mit der Natur um ein nat\u00fcrliches Gleichgewicht zwischen Geist und K\u00f6rper zu finden.<\/p>\n<p style=\"text-align: left;\" data-fontsize=\"32\" data-lineheight=\"48\">Ein idyllischer Ort, versunken im Gr\u00fcnen vom <strong>Monferrato<\/strong> in Piemont, wo das V\u00f6gelzwischern und das Zirpen der Zikaden den Tag ank\u00fcndigen\u2026.wo der Blick sich in der Ferne und Himmel verliert. Gepflegte Zimmer, gross und gem\u00fctlich und reiches Fr\u00fchst\u00fcck in ruhiger Umgebung.<img loading=\"lazy\" decoding=\"async\" class=\"alignright wp-image-105\" src=\"http:\/\/www.cascinarosa33.it\/wp-content\/uploads\/2015\/06\/DSC_0892-550x366.jpg\" alt=\"Rose bianche suite room panoramic view - Cascina rosa b&amp;b, bed and breakfast in Monferrato\" width=\"400\" height=\"266\" srcset=\"https:\/\/www.cascinarosa33.it\/wp-content\/uploads\/2015\/06\/DSC_0892-550x366.jpg 550w, https:\/\/www.cascinarosa33.it\/wp-content\/uploads\/2015\/06\/DSC_0892-300x199.jpg 300w, https:\/\/www.cascinarosa33.it\/wp-content\/uploads\/2015\/06\/DSC_0892-1024x681.jpg 1024w, https:\/\/www.cascinarosa33.it\/wp-content\/uploads\/2015\/06\/DSC_0892-250x166.jpg 250w, https:\/\/www.cascinarosa33.it\/wp-content\/uploads\/2015\/06\/DSC_0892-800x532.jpg 800w, https:\/\/www.cascinarosa33.it\/wp-content\/uploads\/2015\/06\/DSC_0892-271x180.jpg 271w, https:\/\/www.cascinarosa33.it\/wp-content\/uploads\/2015\/06\/DSC_0892-451x300.jpg 451w, https:\/\/www.cascinarosa33.it\/wp-content\/uploads\/2015\/06\/DSC_0892-752x500.jpg 752w, https:\/\/www.cascinarosa33.it\/wp-content\/uploads\/2015\/06\/DSC_0892.jpg 1680w\" sizes=\"auto, (max-width: 400px) 100vw, 400px\" \/><\/p>\n<p style=\"text-align: left;\">We are not far from <strong>Turin<\/strong> (1h), <strong>Milan<\/strong> and <strong>Genoa<\/strong> (1.15h), <strong>Asti<\/strong>\u00a0and <strong>Casale Monferrato\u00a0<\/strong>(20min),\u00a0<strong>Alba<\/strong>(40min) and <strong>Alessandria<\/strong> (30min).<\/p>\n<h5 style=\"text-align: left;\"><\/h5>\n<p>(Articles below are in English and Italian only.)<\/p> ","protected":false},"excerpt":{"rendered":"<p>Cascina\u00a0rosa\u00a0b&amp;b: bed and breakfast in Monferrato In diesem alten, allein mitten im Gr\u00fcnen gelegenen, sorgf\u00e5ltiger Lage und mit herrlichem Ausblick stehen einige behagliche und ger\u00e4umige Zimmer zur Verf\u00fcgung, in einer gepflegten und famili\u00e5ren Umgebung. Ein idealer Ort f\u00fcr einen erholsamen Aufenthalt und geeigneter Ausgangpunkt f\u00fcr Ausfl\u00fcge auf den Spuren der Weine und der ber\u00fchmten Tr\u00fcffel. [&hellip;]<\/p>\n","protected":false},"author":1,"featured_media":0,"parent":0,"menu_order":0,"comment_status":"open","ping_status":"open","template":"","meta":{"_genesis_hide_title":false,"_genesis_hide_breadcrumbs":false,"_genesis_hide_singular_image":false,"_genesis_hide_footer_widgets":false,"_genesis_custom_body_class":"","_genesis_custom_post_class":"","_genesis_layout":"full-width-content","footnotes":""},"class_list":{"0":"post-7","1":"page","2":"type-page","3":"status-publish","5":"entry","6":"has-post-thumbnail","7":"gs-1","8":"gs-odd","9":"gs-even","10":"gs-featured-content-entry"},"yoast_head":"<!-- This site is optimized with the Yoast SEO plugin v24.6 - https:\/\/yoast.com\/wordpress\/plugins\/seo\/ -->\n<title>Cascina rosa b&amp;b \u2022 Bed and breakfast in Monferrato \u2022 Asti<\/title>\n<meta name=\"description\" content=\"Cascina rosa b&amp;b \u00e8 un bed and breakfast in Monferrato, in provincia di Asti con piscina, barbecue e grande giardino per relax e tour del vino in Piemonte\" \/>\n<meta name=\"robots\" content=\"index, follow, max-snippet:-1, max-image-preview:large, max-video-preview:-1\" \/>\n<link rel=\"canonical\" href=\"https:\/\/www.cascinarosa33.it\/\" \/>\n<meta property=\"og:locale\" content=\"de_DE\" \/>\n<meta property=\"og:type\" content=\"article\" \/>\n<meta property=\"og:title\" content=\"Cascina rosa b&amp;b \u2022 Bed and breakfast in Monferrato \u2022 Asti\" \/>\n<meta property=\"og:description\" content=\"Cascina rosa b&amp;b \u00e8 un bed and breakfast in Monferrato, in provincia di Asti con piscina, barbecue e grande giardino per relax e tour del vino in Piemonte\" \/>\n<meta property=\"og:url\" content=\"https:\/\/www.cascinarosa33.it\/\" \/>\n<meta property=\"og:site_name\" content=\"Cascina rosa b&amp;b\" \/>\n<meta property=\"article:modified_time\" content=\"2018-05-19T15:36:15+00:00\" \/>\n<meta property=\"og:image\" content=\"http:\/\/www.cascinarosa33.it\/wp-content\/uploads\/2015\/06\/MG_5992-550x367.jpg\" \/>\n<meta name=\"twitter:card\" content=\"summary_large_image\" \/>\n<meta name=\"twitter:label1\" content=\"Gesch\u00e4tzte Lesezeit\" \/>\n\t<meta name=\"twitter:data1\" content=\"6\u00a0Minuten\" \/>\n<script type=\"application\/ld+json\" class=\"yoast-schema-graph\">{\"@context\":\"https:\/\/schema.org\",\"@graph\":[{\"@type\":\"WebPage\",\"@id\":\"https:\/\/www.cascinarosa33.it\/\",\"url\":\"https:\/\/www.cascinarosa33.it\/\",\"name\":\"Cascina rosa b&b \u2022 Bed and breakfast in Monferrato \u2022 Asti\",\"isPartOf\":{\"@id\":\"https:\/\/www.cascinarosa33.it\/#website\"},\"primaryImageOfPage\":{\"@id\":\"https:\/\/www.cascinarosa33.it\/#primaryimage\"},\"image\":{\"@id\":\"https:\/\/www.cascinarosa33.it\/#primaryimage\"},\"thumbnailUrl\":\"http:\/\/www.cascinarosa33.it\/wp-content\/uploads\/2015\/06\/MG_5992-550x367.jpg\",\"datePublished\":\"2015-06-18T15:38:05+00:00\",\"dateModified\":\"2018-05-19T15:36:15+00:00\",\"description\":\"Cascina rosa b&b \u00e8 un bed and breakfast in Monferrato, in provincia di Asti con piscina, barbecue e grande giardino per relax e tour del vino in Piemonte\",\"breadcrumb\":{\"@id\":\"https:\/\/www.cascinarosa33.it\/#breadcrumb\"},\"inLanguage\":\"de\",\"potentialAction\":[{\"@type\":\"ReadAction\",\"target\":[\"https:\/\/www.cascinarosa33.it\/\"]}]},{\"@type\":\"ImageObject\",\"inLanguage\":\"de\",\"@id\":\"https:\/\/www.cascinarosa33.it\/#primaryimage\",\"url\":\"http:\/\/www.cascinarosa33.it\/wp-content\/uploads\/2015\/06\/MG_5992-550x367.jpg\",\"contentUrl\":\"http:\/\/www.cascinarosa33.it\/wp-content\/uploads\/2015\/06\/MG_5992-550x367.jpg\"},{\"@type\":\"BreadcrumbList\",\"@id\":\"https:\/\/www.cascinarosa33.it\/#breadcrumb\",\"itemListElement\":[{\"@type\":\"ListItem\",\"position\":1,\"name\":\"Home\",\"item\":\"https:\/\/www.cascinarosa33.it\/\"},{\"@type\":\"ListItem\",\"position\":2,\"name\":\"HOME\"}]},{\"@type\":\"WebSite\",\"@id\":\"https:\/\/www.cascinarosa33.it\/#website\",\"url\":\"https:\/\/www.cascinarosa33.it\/\",\"name\":\"Cascina rosa b&amp;b\",\"description\":\"\",\"potentialAction\":[{\"@type\":\"SearchAction\",\"target\":{\"@type\":\"EntryPoint\",\"urlTemplate\":\"https:\/\/www.cascinarosa33.it\/?s={search_term_string}\"},\"query-input\":{\"@type\":\"PropertyValueSpecification\",\"valueRequired\":true,\"valueName\":\"search_term_string\"}}],\"inLanguage\":\"de\"}]}<\/script>\n<!-- \/ Yoast SEO plugin. -->","yoast_head_json":{"title":"Cascina rosa b&b \u2022 Bed and breakfast in Monferrato \u2022 Asti","description":"Cascina rosa b&b \u00e8 un bed and breakfast in Monferrato, in provincia di Asti con piscina, barbecue e grande giardino per relax e tour del vino in Piemonte","robots":{"index":"index","follow":"follow","max-snippet":"max-snippet:-1","max-image-preview":"max-image-preview:large","max-video-preview":"max-video-preview:-1"},"canonical":"https:\/\/www.cascinarosa33.it\/","og_locale":"de_DE","og_type":"article","og_title":"Cascina rosa b&b \u2022 Bed and breakfast in Monferrato \u2022 Asti","og_description":"Cascina rosa b&b \u00e8 un bed and breakfast in Monferrato, in provincia di Asti con piscina, barbecue e grande giardino per relax e tour del vino in Piemonte","og_url":"https:\/\/www.cascinarosa33.it\/","og_site_name":"Cascina rosa b&amp;b","article_modified_time":"2018-05-19T15:36:15+00:00","og_image":[{"url":"http:\/\/www.cascinarosa33.it\/wp-content\/uploads\/2015\/06\/MG_5992-550x367.jpg","type":"","width":"","height":""}],"twitter_card":"summary_large_image","twitter_misc":{"Gesch\u00e4tzte Lesezeit":"6\u00a0Minuten"},"schema":{"@context":"https:\/\/schema.org","@graph":[{"@type":"WebPage","@id":"https:\/\/www.cascinarosa33.it\/","url":"https:\/\/www.cascinarosa33.it\/","name":"Cascina rosa b&b \u2022 Bed and breakfast in Monferrato \u2022 Asti","isPartOf":{"@id":"https:\/\/www.cascinarosa33.it\/#website"},"primaryImageOfPage":{"@id":"https:\/\/www.cascinarosa33.it\/#primaryimage"},"image":{"@id":"https:\/\/www.cascinarosa33.it\/#primaryimage"},"thumbnailUrl":"http:\/\/www.cascinarosa33.it\/wp-content\/uploads\/2015\/06\/MG_5992-550x367.jpg","datePublished":"2015-06-18T15:38:05+00:00","dateModified":"2018-05-19T15:36:15+00:00","description":"Cascina rosa b&b \u00e8 un bed and breakfast in Monferrato, in provincia di Asti con piscina, barbecue e grande giardino per relax e tour del vino in Piemonte","breadcrumb":{"@id":"https:\/\/www.cascinarosa33.it\/#breadcrumb"},"inLanguage":"de","potentialAction":[{"@type":"ReadAction","target":["https:\/\/www.cascinarosa33.it\/"]}]},{"@type":"ImageObject","inLanguage":"de","@id":"https:\/\/www.cascinarosa33.it\/#primaryimage","url":"http:\/\/www.cascinarosa33.it\/wp-content\/uploads\/2015\/06\/MG_5992-550x367.jpg","contentUrl":"http:\/\/www.cascinarosa33.it\/wp-content\/uploads\/2015\/06\/MG_5992-550x367.jpg"},{"@type":"BreadcrumbList","@id":"https:\/\/www.cascinarosa33.it\/#breadcrumb","itemListElement":[{"@type":"ListItem","position":1,"name":"Home","item":"https:\/\/www.cascinarosa33.it\/"},{"@type":"ListItem","position":2,"name":"HOME"}]},{"@type":"WebSite","@id":"https:\/\/www.cascinarosa33.it\/#website","url":"https:\/\/www.cascinarosa33.it\/","name":"Cascina rosa b&amp;b","description":"","potentialAction":[{"@type":"SearchAction","target":{"@type":"EntryPoint","urlTemplate":"https:\/\/www.cascinarosa33.it\/?s={search_term_string}"},"query-input":{"@type":"PropertyValueSpecification","valueRequired":true,"valueName":"search_term_string"}}],"inLanguage":"de"}]}},"_links":{"self":[{"href":"https:\/\/www.cascinarosa33.it\/de\/wp-json\/wp\/v2\/pages\/7","targetHints":{"allow":["GET"]}}],"collection":[{"href":"https:\/\/www.cascinarosa33.it\/de\/wp-json\/wp\/v2\/pages"}],"about":[{"href":"https:\/\/www.cascinarosa33.it\/de\/wp-json\/wp\/v2\/types\/page"}],"author":[{"embeddable":true,"href":"https:\/\/www.cascinarosa33.it\/de\/wp-json\/wp\/v2\/users\/1"}],"replies":[{"embeddable":true,"href":"https:\/\/www.cascinarosa33.it\/de\/wp-json\/wp\/v2\/comments?post=7"}],"version-history":[{"count":88,"href":"https:\/\/www.cascinarosa33.it\/de\/wp-json\/wp\/v2\/pages\/7\/revisions"}],"predecessor-version":[{"id":1090,"href":"https:\/\/www.cascinarosa33.it\/de\/wp-json\/wp\/v2\/pages\/7\/revisions\/1090"}],"wp:attachment":[{"href":"https:\/\/www.cascinarosa33.it\/de\/wp-json\/wp\/v2\/media?parent=7"}],"curies":[{"name":"wp","href":"https:\/\/api.w.org\/{rel}","templated":true}]}}