{"id":36,"date":"2015-06-20T10:05:08","date_gmt":"2015-06-20T10:05:08","guid":{"rendered":"http:\/\/demo.cascinarosa33.artband.net\/?page_id=36"},"modified":"2025-09-16T07:15:28","modified_gmt":"2025-09-16T06:15:28","slug":"prezzi","status":"publish","type":"page","link":"https:\/\/www.cascinarosa33.it\/de\/prezzi\/","title":{"rendered":"PREISE"},"content":{"rendered":"<p><\/p>\n<h3 style=\"text-align: left;\"><\/h3>\n<p><img loading=\"lazy\" decoding=\"async\" class=\"alignleft wp-image-111\" src=\"http:\/\/www.cascinarosa33.it\/wp-content\/uploads\/2015\/06\/DSC_0765.jpg\" alt=\"Book and flowers at Cascina rosa b&amp;b\" width=\"350\" height=\"526\" srcset=\"https:\/\/www.cascinarosa33.it\/wp-content\/uploads\/2015\/06\/DSC_0765.jpg 600w, https:\/\/www.cascinarosa33.it\/wp-content\/uploads\/2015\/06\/DSC_0765-200x300.jpg 200w, https:\/\/www.cascinarosa33.it\/wp-content\/uploads\/2015\/06\/DSC_0765-250x376.jpg 250w, https:\/\/www.cascinarosa33.it\/wp-content\/uploads\/2015\/06\/DSC_0765-550x827.jpg 550w, https:\/\/www.cascinarosa33.it\/wp-content\/uploads\/2015\/06\/DSC_0765-120x180.jpg 120w, https:\/\/www.cascinarosa33.it\/wp-content\/uploads\/2015\/06\/DSC_0765-333x500.jpg 333w\" sizes=\"auto, (max-width: 350px) 100vw, 350px\" \/><\/p>\n<h3 style=\"text-align: left;\">All our rooms are double rooms. Prices include breakfast.<\/h3>\n<p style=\"text-align: left;\">Einzelzimmer Preis mit Fr\u00fchst\u00fcck <strong>55 Euro<\/strong><\/p>\n<p style=\"text-align: left;\">Doppelzimmer Preis mit Fr\u00fchst\u00fcck von <strong>85<\/strong>\u00a0bis <strong>100<\/strong>\u00a0Euro<\/p>\n<p style=\"text-align: left;\"><strong>CHECK IN<\/strong> from <strong>15.00<\/strong> to <strong>20.00<\/strong><\/p>\n<p style=\"text-align: left;\"><strong>CHECK OUT<\/strong> before <strong>11.00<\/strong><\/p>\n<p><img loading=\"lazy\" decoding=\"async\" class=\"wp-image-133 alignright\" src=\"http:\/\/www.cascinarosa33.it\/wp-content\/uploads\/2015\/06\/DSC_0966.jpg\" alt=\"Breakfast in the garden - Cascina rosa b&amp;b in Monferrato\" width=\"350\" height=\"526\" srcset=\"https:\/\/www.cascinarosa33.it\/wp-content\/uploads\/2015\/06\/DSC_0966.jpg 600w, https:\/\/www.cascinarosa33.it\/wp-content\/uploads\/2015\/06\/DSC_0966-200x300.jpg 200w, https:\/\/www.cascinarosa33.it\/wp-content\/uploads\/2015\/06\/DSC_0966-250x376.jpg 250w, https:\/\/www.cascinarosa33.it\/wp-content\/uploads\/2015\/06\/DSC_0966-550x827.jpg 550w, https:\/\/www.cascinarosa33.it\/wp-content\/uploads\/2015\/06\/DSC_0966-120x180.jpg 120w, https:\/\/www.cascinarosa33.it\/wp-content\/uploads\/2015\/06\/DSC_0966-333x500.jpg 333w\" sizes=\"auto, (max-width: 350px) 100vw, 350px\" \/><\/p>\n<h3>Possibility to have lunch\/dinner at near restaurants.<\/h3>\n<p><strong>Shared kitchen\u00a0<\/strong>available for guests with a 2 nights minimum stay. <strong>Swimming pool<\/strong> and <strong>barbecue<\/strong> can be used during summer.<\/p>\n<p style=\"text-align: left;\">If you cancel the booking: reservation within two weeks before the date of your arrival, the deposit will be refound.<\/p>\n<p style=\"text-align: left;\">If you leave before the days you booked, you should pay the total amount of the booked period. Thank you<\/p>\n<div id=\"attachment_18\" style=\"width: 360px\" class=\"wp-caption alignleft\"><img loading=\"lazy\" decoding=\"async\" aria-describedby=\"caption-attachment-18\" class=\"wp-image-18\" src=\"http:\/\/www.cascinarosa33.it\/wp-content\/uploads\/2015\/06\/cane-alla-finestra-copiabig.jpg\" alt=\"Cascina rosa b&amp;b is 100% Dog Welcome\" width=\"350\" height=\"221\" srcset=\"https:\/\/www.cascinarosa33.it\/wp-content\/uploads\/2015\/06\/cane-alla-finestra-copiabig.jpg 420w, https:\/\/www.cascinarosa33.it\/wp-content\/uploads\/2015\/06\/cane-alla-finestra-copiabig-300x189.jpg 300w\" sizes=\"auto, (max-width: 350px) 100vw, 350px\" \/><p id=\"caption-attachment-18\" class=\"wp-caption-text\">Cascina rosa b&amp;b is 100% Dog Welcome<\/p><\/div>\n<p style=\"text-align: right;\"><iframe loading=\"lazy\" src=\"https:\/\/www.youtube.com\/embed\/5Br-rQ5xhY0?rel=0\" width=\"350\" height=\"221\" frameborder=\"0\" allowfullscreen=\"allowfullscreen\"><\/iframe><\/p>\n<p><\/p> ","protected":false},"excerpt":{"rendered":"<p>All our rooms are double rooms. Prices include breakfast. Einzelzimmer Preis mit Fr\u00fchst\u00fcck 55 Euro Doppelzimmer Preis mit Fr\u00fchst\u00fcck von 85\u00a0bis 100\u00a0Euro CHECK IN from 15.00 to 20.00 CHECK OUT before 11.00 Possibility to have lunch\/dinner at near restaurants. Shared kitchen\u00a0available for guests with a 2 nights minimum stay. Swimming pool and barbecue can be [&hellip;]<\/p>\n","protected":false},"author":1,"featured_media":0,"parent":0,"menu_order":0,"comment_status":"open","ping_status":"open","template":"","meta":{"_genesis_hide_title":false,"_genesis_hide_breadcrumbs":false,"_genesis_hide_singular_image":false,"_genesis_hide_footer_widgets":false,"_genesis_custom_body_class":"","_genesis_custom_post_class":"","_genesis_layout":"full-width-content","footnotes":""},"class_list":{"0":"post-36","1":"page","2":"type-page","3":"status-publish","5":"entry","6":"has-post-thumbnail","7":"gs-1","8":"gs-odd","9":"gs-even","10":"gs-featured-content-entry"},"yoast_head":"<!-- This site is optimized with the Yoast SEO plugin v24.6 - https:\/\/yoast.com\/wordpress\/plugins\/seo\/ -->\n<title>Preise \u2022 Cascina rosa b&amp;b \u2022 Bed and breakfast Asti<\/title>\n<meta name=\"description\" content=\"[:it]Cascina rosa b&amp;b si trova in provincia di Asti. Le nostre camere sono tutte doppie. I prezzi comprendono pernottamento e prima colazione.[:en]Cascina rosa b&amp;b is located in province of Asti. All our rooms are double rooms. Prices include breakfast.[:de]Cascina Rosa B &amp; B befindet sich in der Provinz Asti. Alle unsere Zimmer sind Doppelzimmer. Die Preise beinhalten Fr\u00fchst\u00fcck.[:nl]Cascina rosa b&amp;b ligt in de buurt van Asti (Piemonte). Al onze kamers zijn tweepersoonskamers. Het ontbijt is inbegrepen in de prijs.[:fr]Cascina rosa b&amp;b est situ\u00e9 dans la province d&#039;Asti. Toutes nos chambres sont doubles. Les prix comprennent le petit d\u00e9jeuner.[:]\" \/>\n<meta name=\"robots\" content=\"index, follow, max-snippet:-1, max-image-preview:large, max-video-preview:-1\" \/>\n<link rel=\"canonical\" href=\"https:\/\/www.cascinarosa33.it\/prezzi\/\" \/>\n<meta property=\"og:locale\" content=\"de_DE\" \/>\n<meta property=\"og:type\" content=\"article\" \/>\n<meta property=\"og:title\" content=\"[:it]Prezzi \u2022 Cascina rosa b&amp;b \u2022 Bed and breakfast Asti [:en]Prices \u2022 Cascina rosa b&amp;b \u2022 Bed and breakfast Asti [:de]Preise \u2022 Cascina rosa b&amp;b \u2022 Bed and breakfast Asti [:nl]Prijzen \u2022 Cascina rosa b&amp;b \u2022 Bed and breakfast Asti [:fr]Tarifs \u2022 Cascina rosa b&amp;b \u2022 Bed and breakfast Asti [:]\" \/>\n<meta property=\"og:description\" content=\"[:it]Cascina rosa b&amp;b si trova in provincia di Asti. Le nostre camere sono tutte doppie. I prezzi comprendono pernottamento e prima colazione.[:en]Cascina rosa b&amp;b is located in province of Asti. All our rooms are double rooms. Prices include breakfast.[:de]Cascina Rosa B &amp; B befindet sich in der Provinz Asti. Alle unsere Zimmer sind Doppelzimmer. Die Preise beinhalten Fr\u00fchst\u00fcck.[:nl]Cascina rosa b&amp;b ligt in de buurt van Asti (Piemonte). Al onze kamers zijn tweepersoonskamers. Het ontbijt is inbegrepen in de prijs.[:fr]Cascina rosa b&amp;b est situ\u00e9 dans la province d&#039;Asti. Toutes nos chambres sont doubles. Les prix comprennent le petit d\u00e9jeuner.[:]\" \/>\n<meta property=\"og:url\" content=\"https:\/\/www.cascinarosa33.it\/prezzi\/\" \/>\n<meta property=\"og:site_name\" content=\"Cascina rosa b&amp;b\" \/>\n<meta property=\"article:modified_time\" content=\"2025-09-16T06:15:28+00:00\" \/>\n<meta property=\"og:image\" content=\"https:\/\/www.cascinarosa33.it\/wp-content\/uploads\/2015\/06\/DSC_0765.jpg\" \/>\n\t<meta property=\"og:image:width\" content=\"600\" \/>\n\t<meta property=\"og:image:height\" content=\"902\" \/>\n\t<meta property=\"og:image:type\" content=\"image\/jpeg\" \/>\n<meta name=\"twitter:card\" content=\"summary_large_image\" \/>\n<meta name=\"twitter:label1\" content=\"Gesch\u00e4tzte Lesezeit\" \/>\n\t<meta name=\"twitter:data1\" content=\"7\u00a0Minuten\" \/>\n<script type=\"application\/ld+json\" class=\"yoast-schema-graph\">{\"@context\":\"https:\/\/schema.org\",\"@graph\":[{\"@type\":\"WebPage\",\"@id\":\"https:\/\/www.cascinarosa33.it\/prezzi\/\",\"url\":\"https:\/\/www.cascinarosa33.it\/prezzi\/\",\"name\":\"[:it]Prezzi \u2022 Cascina rosa b&b \u2022 Bed and breakfast Asti [:en]Prices \u2022 Cascina rosa b&b \u2022 Bed and breakfast Asti [:de]Preise \u2022 Cascina rosa b&b \u2022 Bed and breakfast Asti [:nl]Prijzen \u2022 Cascina rosa b&b \u2022 Bed and breakfast Asti [:fr]Tarifs \u2022 Cascina rosa b&b \u2022 Bed and breakfast Asti [:]\",\"isPartOf\":{\"@id\":\"https:\/\/www.cascinarosa33.it\/#website\"},\"primaryImageOfPage\":{\"@id\":\"https:\/\/www.cascinarosa33.it\/prezzi\/#primaryimage\"},\"image\":{\"@id\":\"https:\/\/www.cascinarosa33.it\/prezzi\/#primaryimage\"},\"thumbnailUrl\":\"http:\/\/www.cascinarosa33.it\/wp-content\/uploads\/2015\/06\/DSC_0765.jpg\",\"datePublished\":\"2015-06-20T10:05:08+00:00\",\"dateModified\":\"2025-09-16T06:15:28+00:00\",\"description\":\"[:it]Cascina rosa b&b si trova in provincia di Asti. Le nostre camere sono tutte doppie. I prezzi comprendono pernottamento e prima colazione.[:en]Cascina rosa b&b is located in province of Asti. All our rooms are double rooms. Prices include breakfast.[:de]Cascina Rosa B & B befindet sich in der Provinz Asti. Alle unsere Zimmer sind Doppelzimmer. Die Preise beinhalten Fr\u00fchst\u00fcck.[:nl]Cascina rosa b&b ligt in de buurt van Asti (Piemonte). Al onze kamers zijn tweepersoonskamers. Het ontbijt is inbegrepen in de prijs.[:fr]Cascina rosa b&b est situ\u00e9 dans la province d'Asti. Toutes nos chambres sont doubles. Les prix comprennent le petit d\u00e9jeuner.[:]\",\"breadcrumb\":{\"@id\":\"https:\/\/www.cascinarosa33.it\/prezzi\/#breadcrumb\"},\"inLanguage\":\"de\",\"potentialAction\":[{\"@type\":\"ReadAction\",\"target\":[\"https:\/\/www.cascinarosa33.it\/prezzi\/\"]}]},{\"@type\":\"ImageObject\",\"inLanguage\":\"de\",\"@id\":\"https:\/\/www.cascinarosa33.it\/prezzi\/#primaryimage\",\"url\":\"http:\/\/www.cascinarosa33.it\/wp-content\/uploads\/2015\/06\/DSC_0765.jpg\",\"contentUrl\":\"http:\/\/www.cascinarosa33.it\/wp-content\/uploads\/2015\/06\/DSC_0765.jpg\"},{\"@type\":\"BreadcrumbList\",\"@id\":\"https:\/\/www.cascinarosa33.it\/prezzi\/#breadcrumb\",\"itemListElement\":[{\"@type\":\"ListItem\",\"position\":1,\"name\":\"Home\",\"item\":\"https:\/\/www.cascinarosa33.it\/\"},{\"@type\":\"ListItem\",\"position\":2,\"name\":\"PREZZI\"}]},{\"@type\":\"WebSite\",\"@id\":\"https:\/\/www.cascinarosa33.it\/#website\",\"url\":\"https:\/\/www.cascinarosa33.it\/\",\"name\":\"Cascina rosa b&amp;b\",\"description\":\"\",\"potentialAction\":[{\"@type\":\"SearchAction\",\"target\":{\"@type\":\"EntryPoint\",\"urlTemplate\":\"https:\/\/www.cascinarosa33.it\/?s={search_term_string}\"},\"query-input\":{\"@type\":\"PropertyValueSpecification\",\"valueRequired\":true,\"valueName\":\"search_term_string\"}}],\"inLanguage\":\"de\"}]}<\/script>\n<!-- \/ Yoast SEO plugin. -->","yoast_head_json":{"title":"[:it]Prezzi \u2022 Cascina rosa b&b \u2022 Bed and breakfast Asti [:en]Prices \u2022 Cascina rosa b&b \u2022 Bed and breakfast Asti [:de]Preise \u2022 Cascina rosa b&b \u2022 Bed and breakfast Asti [:nl]Prijzen \u2022 Cascina rosa b&b \u2022 Bed and breakfast Asti [:fr]Tarifs \u2022 Cascina rosa b&b \u2022 Bed and breakfast Asti [:]","description":"[:it]Cascina rosa b&b si trova in provincia di Asti. Le nostre camere sono tutte doppie. I prezzi comprendono pernottamento e prima colazione.[:en]Cascina rosa b&b is located in province of Asti. All our rooms are double rooms. Prices include breakfast.[:de]Cascina Rosa B & B befindet sich in der Provinz Asti. Alle unsere Zimmer sind Doppelzimmer. Die Preise beinhalten Fr\u00fchst\u00fcck.[:nl]Cascina rosa b&b ligt in de buurt van Asti (Piemonte). Al onze kamers zijn tweepersoonskamers. Het ontbijt is inbegrepen in de prijs.[:fr]Cascina rosa b&b est situ\u00e9 dans la province d'Asti. Toutes nos chambres sont doubles. Les prix comprennent le petit d\u00e9jeuner.[:]","robots":{"index":"index","follow":"follow","max-snippet":"max-snippet:-1","max-image-preview":"max-image-preview:large","max-video-preview":"max-video-preview:-1"},"canonical":"https:\/\/www.cascinarosa33.it\/prezzi\/","og_locale":"de_DE","og_type":"article","og_title":"[:it]Prezzi \u2022 Cascina rosa b&b \u2022 Bed and breakfast Asti [:en]Prices \u2022 Cascina rosa b&b \u2022 Bed and breakfast Asti [:de]Preise \u2022 Cascina rosa b&b \u2022 Bed and breakfast Asti [:nl]Prijzen \u2022 Cascina rosa b&b \u2022 Bed and breakfast Asti [:fr]Tarifs \u2022 Cascina rosa b&b \u2022 Bed and breakfast Asti [:]","og_description":"[:it]Cascina rosa b&b si trova in provincia di Asti. Le nostre camere sono tutte doppie. I prezzi comprendono pernottamento e prima colazione.[:en]Cascina rosa b&b is located in province of Asti. All our rooms are double rooms. Prices include breakfast.[:de]Cascina Rosa B & B befindet sich in der Provinz Asti. Alle unsere Zimmer sind Doppelzimmer. Die Preise beinhalten Fr\u00fchst\u00fcck.[:nl]Cascina rosa b&b ligt in de buurt van Asti (Piemonte). Al onze kamers zijn tweepersoonskamers. Het ontbijt is inbegrepen in de prijs.[:fr]Cascina rosa b&b est situ\u00e9 dans la province d'Asti. Toutes nos chambres sont doubles. Les prix comprennent le petit d\u00e9jeuner.[:]","og_url":"https:\/\/www.cascinarosa33.it\/prezzi\/","og_site_name":"Cascina rosa b&amp;b","article_modified_time":"2025-09-16T06:15:28+00:00","og_image":[{"width":600,"height":902,"url":"https:\/\/www.cascinarosa33.it\/wp-content\/uploads\/2015\/06\/DSC_0765.jpg","type":"image\/jpeg"}],"twitter_card":"summary_large_image","twitter_misc":{"Gesch\u00e4tzte Lesezeit":"7\u00a0Minuten"},"schema":{"@context":"https:\/\/schema.org","@graph":[{"@type":"WebPage","@id":"https:\/\/www.cascinarosa33.it\/prezzi\/","url":"https:\/\/www.cascinarosa33.it\/prezzi\/","name":"[:it]Prezzi \u2022 Cascina rosa b&b \u2022 Bed and breakfast Asti [:en]Prices \u2022 Cascina rosa b&b \u2022 Bed and breakfast Asti [:de]Preise \u2022 Cascina rosa b&b \u2022 Bed and breakfast Asti [:nl]Prijzen \u2022 Cascina rosa b&b \u2022 Bed and breakfast Asti [:fr]Tarifs \u2022 Cascina rosa b&b \u2022 Bed and breakfast Asti [:]","isPartOf":{"@id":"https:\/\/www.cascinarosa33.it\/#website"},"primaryImageOfPage":{"@id":"https:\/\/www.cascinarosa33.it\/prezzi\/#primaryimage"},"image":{"@id":"https:\/\/www.cascinarosa33.it\/prezzi\/#primaryimage"},"thumbnailUrl":"http:\/\/www.cascinarosa33.it\/wp-content\/uploads\/2015\/06\/DSC_0765.jpg","datePublished":"2015-06-20T10:05:08+00:00","dateModified":"2025-09-16T06:15:28+00:00","description":"[:it]Cascina rosa b&b si trova in provincia di Asti. Le nostre camere sono tutte doppie. I prezzi comprendono pernottamento e prima colazione.[:en]Cascina rosa b&b is located in province of Asti. All our rooms are double rooms. Prices include breakfast.[:de]Cascina Rosa B & B befindet sich in der Provinz Asti. Alle unsere Zimmer sind Doppelzimmer. Die Preise beinhalten Fr\u00fchst\u00fcck.[:nl]Cascina rosa b&b ligt in de buurt van Asti (Piemonte). Al onze kamers zijn tweepersoonskamers. Het ontbijt is inbegrepen in de prijs.[:fr]Cascina rosa b&b est situ\u00e9 dans la province d'Asti. Toutes nos chambres sont doubles. Les prix comprennent le petit d\u00e9jeuner.[:]","breadcrumb":{"@id":"https:\/\/www.cascinarosa33.it\/prezzi\/#breadcrumb"},"inLanguage":"de","potentialAction":[{"@type":"ReadAction","target":["https:\/\/www.cascinarosa33.it\/prezzi\/"]}]},{"@type":"ImageObject","inLanguage":"de","@id":"https:\/\/www.cascinarosa33.it\/prezzi\/#primaryimage","url":"http:\/\/www.cascinarosa33.it\/wp-content\/uploads\/2015\/06\/DSC_0765.jpg","contentUrl":"http:\/\/www.cascinarosa33.it\/wp-content\/uploads\/2015\/06\/DSC_0765.jpg"},{"@type":"BreadcrumbList","@id":"https:\/\/www.cascinarosa33.it\/prezzi\/#breadcrumb","itemListElement":[{"@type":"ListItem","position":1,"name":"Home","item":"https:\/\/www.cascinarosa33.it\/"},{"@type":"ListItem","position":2,"name":"PREZZI"}]},{"@type":"WebSite","@id":"https:\/\/www.cascinarosa33.it\/#website","url":"https:\/\/www.cascinarosa33.it\/","name":"Cascina rosa b&amp;b","description":"","potentialAction":[{"@type":"SearchAction","target":{"@type":"EntryPoint","urlTemplate":"https:\/\/www.cascinarosa33.it\/?s={search_term_string}"},"query-input":{"@type":"PropertyValueSpecification","valueRequired":true,"valueName":"search_term_string"}}],"inLanguage":"de"}]}},"_links":{"self":[{"href":"https:\/\/www.cascinarosa33.it\/de\/wp-json\/wp\/v2\/pages\/36","targetHints":{"allow":["GET"]}}],"collection":[{"href":"https:\/\/www.cascinarosa33.it\/de\/wp-json\/wp\/v2\/pages"}],"about":[{"href":"https:\/\/www.cascinarosa33.it\/de\/wp-json\/wp\/v2\/types\/page"}],"author":[{"embeddable":true,"href":"https:\/\/www.cascinarosa33.it\/de\/wp-json\/wp\/v2\/users\/1"}],"replies":[{"embeddable":true,"href":"https:\/\/www.cascinarosa33.it\/de\/wp-json\/wp\/v2\/comments?post=36"}],"version-history":[{"count":62,"href":"https:\/\/www.cascinarosa33.it\/de\/wp-json\/wp\/v2\/pages\/36\/revisions"}],"predecessor-version":[{"id":11712,"href":"https:\/\/www.cascinarosa33.it\/de\/wp-json\/wp\/v2\/pages\/36\/revisions\/11712"}],"wp:attachment":[{"href":"https:\/\/www.cascinarosa33.it\/de\/wp-json\/wp\/v2\/media?parent=36"}],"curies":[{"name":"wp","href":"https:\/\/api.w.org\/{rel}","templated":true}]}}